{"id":1352,"date":"2025-08-07T10:35:03","date_gmt":"2025-08-07T10:35:03","guid":{"rendered":"https:\/\/nelsonsons.com\/about\/"},"modified":"2025-09-12T08:38:05","modified_gmt":"2025-09-12T08:38:05","slug":"about","status":"publish","type":"page","link":"https:\/\/nelsonsons.com\/es\/about\/","title":{"rendered":"Acerca de"},"content":{"rendered":"<div data-elementor-type=\"wp-page\" data-elementor-id=\"1352\" class=\"elementor elementor-1352\">\n\t\t\t\t<div class=\"elementor-element elementor-element-1527b1250 e-flex e-con-boxed wpr-particle-no wpr-jarallax-no wpr-parallax-no wpr-sticky-section-no e-con e-parent\" data-id=\"1527b1250\" data-element_type=\"container\" data-settings=\"{&quot;background_background&quot;:&quot;classic&quot;}\">\n\t\t\t\t\t<div class=\"e-con-inner\">\n\t\t<div class=\"elementor-element elementor-element-13de8ffa e-con-full e-flex wpr-particle-no wpr-jarallax-no wpr-parallax-no wpr-sticky-section-no e-con e-child\" data-id=\"13de8ffa\" data-element_type=\"container\">\n\t\t\t\t<div class=\"elementor-element elementor-element-7ddc6278 elementor-widget elementor-widget-heading\" data-id=\"7ddc6278\" data-element_type=\"widget\" data-widget_type=\"heading.default\">\n\t\t\t\t\t<h1 class=\"elementor-heading-title elementor-size-default\">Acerca de<\/h1>\t\t\t\t<\/div>\n\t\t\t\t<div class=\"elementor-element elementor-element-62469500 elementor-widget-divider--separator-type-pattern elementor-widget-divider--view-line elementor-widget elementor-widget-divider\" data-id=\"62469500\" data-element_type=\"widget\" data-widget_type=\"divider.default\">\n\t\t\t\t\t\t\t<div class=\"elementor-divider\" style=\"--divider-pattern-url: url(&quot;data:image\/svg+xml,%3Csvg xmlns=&#039;http:\/\/www.w3.org\/2000\/svg&#039; preserveAspectRatio=&#039;none&#039; overflow=&#039;visible&#039; height=&#039;100%&#039; viewBox=&#039;0 0 20 16&#039; fill=&#039;none&#039; stroke=&#039;black&#039; stroke-width=&#039;2&#039; stroke-linecap=&#039;square&#039; stroke-miterlimit=&#039;10&#039;%3E%3Cg transform=&#039;translate(-12.000000, 0)&#039;%3E%3Cpath d=&#039;M28,0L10,18&#039;\/%3E%3Cpath d=&#039;M18,0L0,18&#039;\/%3E%3Cpath d=&#039;M48,0L30,18&#039;\/%3E%3Cpath d=&#039;M38,0L20,18&#039;\/%3E%3C\/g%3E%3C\/svg%3E&quot;);\">\n\t\t\t<span class=\"elementor-divider-separator\">\n\t\t\t\t\t\t<\/span>\n\t\t<\/div>\n\t\t\t\t\t\t<\/div>\n\t\t\t\t<div class=\"elementor-element elementor-element-7e1acb8b elementor-widget elementor-widget-text-editor\" data-id=\"7e1acb8b\" data-element_type=\"widget\" data-widget_type=\"text-editor.default\">\n\t\t\t\t\t\t\t\t\t<p><strong>Con a\u00f1os de experiencia en el sector de servicios de mantenimiento, somos los expertos que necesita para cuidar su hogar con cari\u00f1o y dedicaci\u00f3n. Nos encargamos de todo, desde grandes proyectos de mantenimiento hasta la reparaci\u00f3n de paneles de yeso. \u00a1Somos el servicio de mantenimiento que necesita para garantizar un trabajo impecable! Trataremos su hogar como tratar\u00edamos el nuestro. Llame hoy mismo a Handyman Nelson. \u00a1Esperamos trabajar con usted! Preg\u00fantenos sobre la calidad de nuestro trabajo. Nos destacamos por la atenci\u00f3n al detalle.<\/strong><\/p>\t\t\t\t\t\t\t\t<\/div>\n\t\t\t\t<\/div>\n\t\t\t\t\t<\/div>\n\t\t\t\t<\/div>\n\t\t<div class=\"elementor-element elementor-element-61f2e3a7 e-flex e-con-boxed wpr-particle-no wpr-jarallax-no wpr-parallax-no wpr-sticky-section-no e-con e-parent\" data-id=\"61f2e3a7\" data-element_type=\"container\">\n\t\t\t\t\t<div class=\"e-con-inner\">\n\t\t\t\t<div class=\"elementor-element elementor-element-4dcad618 elementor-widget elementor-widget-heading\" data-id=\"4dcad618\" data-element_type=\"widget\" data-widget_type=\"heading.default\">\n\t\t\t\t\t<h2 class=\"elementor-heading-title elementor-size-default\">Conoce a Nelson<\/h2>\t\t\t\t<\/div>\n\t\t\t\t<div class=\"elementor-element elementor-element-79d811a0 elementor-widget elementor-widget-text-editor\" data-id=\"79d811a0\" data-element_type=\"widget\" data-widget_type=\"text-editor.default\">\n\t\t\t\t\t\t\t\t\t<p><span style=\"font-style: inherit; font-weight: inherit;\">Hola, soy Nelson. Como propietario y operador de mi empresa, garantizo un trabajo de la mejor calidad con una actitud respetuosa y honesta, \u00a1siempre! Con m\u00e1s de una d\u00e9cada de experiencia en mantenimiento de propiedades, mi habilidad en... <\/span><span style=\"font-style: inherit; font-weight: inherit;\">Mejorar la eficiencia operativa y la satisfacci\u00f3n de los inquilinos es lo que distingue a mi empresa. <\/span><span style=\"font-style: inherit; font-weight: inherit;\">Mi destreza t\u00e9cnica en reparaciones generales y sistemas de climatizaci\u00f3n, junto con <\/span><span style=\"font-style: inherit; font-weight: inherit;\">Con mi dedicaci\u00f3n a la seguridad y la excelencia, sustentan mi carrera m\u00e1s importante. <\/span><span style=\"font-style: inherit; font-weight: inherit;\">logro de reforzar significativamente la eficacia del mantenimiento preventivo<\/span><\/p>\t\t\t\t\t\t\t\t<\/div>\n\t\t\t\t\t<\/div>\n\t\t\t\t<\/div>\n\t\t<div class=\"elementor-element elementor-element-6057af3 e-con-full e-flex wpr-particle-no wpr-jarallax-no wpr-parallax-no wpr-sticky-section-no e-con e-parent\" data-id=\"6057af3\" data-element_type=\"container\">\n\t\t<div class=\"elementor-element elementor-element-a4f60fe e-con-full e-flex wpr-particle-no wpr-jarallax-no wpr-parallax-no wpr-sticky-section-no e-con e-child\" data-id=\"a4f60fe\" data-element_type=\"container\">\n\t\t\t\t<div class=\"elementor-element elementor-element-3753794 elementor-widget__width-auto elementor-widget elementor-widget-image\" data-id=\"3753794\" data-element_type=\"widget\" data-widget_type=\"image.default\">\n\t\t\t\t\t\t\t\t\t\t\t\t\t\t\t<img fetchpriority=\"high\" decoding=\"async\" width=\"216\" height=\"300\" src=\"https:\/\/nelsonsons.com\/wp-content\/uploads\/2025\/08\/nelson-1-e1754722671981-216x300.jpg\" class=\"attachment-medium size-medium wp-image-3322\" alt=\"\" srcset=\"https:\/\/nelsonsons.com\/wp-content\/uploads\/2025\/08\/nelson-1-e1754722671981-216x300.jpg 216w, https:\/\/nelsonsons.com\/wp-content\/uploads\/2025\/08\/nelson-1-e1754722671981.jpg 684w\" sizes=\"(max-width: 216px) 100vw, 216px\" \/>\t\t\t\t\t\t\t\t\t\t\t\t\t\t\t<\/div>\n\t\t\t\t<div class=\"elementor-element elementor-element-fedafee elementor-icon-list--layout-traditional elementor-list-item-link-full_width elementor-widget elementor-widget-icon-list\" data-id=\"fedafee\" data-element_type=\"widget\" data-widget_type=\"icon-list.default\">\n\t\t\t\t\t\t\t<ul class=\"elementor-icon-list-items\">\n\t\t\t\t\t\t\t<li class=\"elementor-icon-list-item\">\n\t\t\t\t\t\t\t\t\t\t\t<span class=\"elementor-icon-list-icon\">\n\t\t\t\t\t\t\t<svg aria-hidden=\"true\" class=\"e-font-icon-svg e-fas-phone-square-alt\" viewbox=\"0 0 448 512\" xmlns=\"http:\/\/www.w3.org\/2000\/svg\"><path d=\"M400 32H48A48 48 0 0 0 0 80v352a48 48 0 0 0 48 48h352a48 48 0 0 0 48-48V80a48 48 0 0 0-48-48zm-16.39 307.37l-15 65A15 15 0 0 1 354 416C194 416 64 286.29 64 126a15.7 15.7 0 0 1 11.63-14.61l65-15A18.23 18.23 0 0 1 144 96a16.27 16.27 0 0 1 13.79 9.09l30 70A17.9 17.9 0 0 1 189 181a17 17 0 0 1-5.5 11.61l-37.89 31a231.91 231.91 0 0 0 110.78 110.78l31-37.89A17 17 0 0 1 299 291a17.85 17.85 0 0 1 5.91 1.21l70 30A16.25 16.25 0 0 1 384 336a17.41 17.41 0 0 1-.39 3.37z\"><\/path><\/svg>\t\t\t\t\t\t<\/span>\n\t\t\t\t\t\t\t\t\t\t<span class=\"elementor-icon-list-text\">Tel\u00e9fono: +1 281 9069021<\/span>\n\t\t\t\t\t\t\t\t\t<\/li>\n\t\t\t\t\t\t\t\t<li class=\"elementor-icon-list-item\">\n\t\t\t\t\t\t\t\t\t\t\t<span class=\"elementor-icon-list-icon\">\n\t\t\t\t\t\t\t<svg aria-hidden=\"true\" class=\"e-font-icon-svg e-fas-envelope\" viewbox=\"0 0 512 512\" xmlns=\"http:\/\/www.w3.org\/2000\/svg\"><path d=\"M502.3 190.8c3.9-3.1 9.7-.2 9.7 4.7V400c0 26.5-21.5 48-48 48H48c-26.5 0-48-21.5-48-48V195.6c0-5 5.7-7.8 9.7-4.7 22.4 17.4 52.1 39.5 154.1 113.6 21.1 15.4 56.7 47.8 92.2 47.6 35.7.3 72-32.8 92.3-47.6 102-74.1 131.6-96.3 154-113.7zM256 320c23.2.4 56.6-29.2 73.4-41.4 132.7-96.3 142.8-104.7 173.4-128.7 5.8-4.5 9.2-11.5 9.2-18.9v-19c0-26.5-21.5-48-48-48H48C21.5 64 0 85.5 0 112v19c0 7.4 3.4 14.3 9.2 18.9 30.6 23.9 40.7 32.4 173.4 128.7 16.8 12.2 50.2 41.8 73.4 41.4z\"><\/path><\/svg>\t\t\t\t\t\t<\/span>\n\t\t\t\t\t\t\t\t\t\t<span class=\"elementor-icon-list-text\">Correo electr\u00f3nico: nelson18el@gmail.com<\/span>\n\t\t\t\t\t\t\t\t\t<\/li>\n\t\t\t\t\t\t<\/ul>\n\t\t\t\t\t\t<\/div>\n\t\t\t\t<div class=\"elementor-element elementor-element-2e7874b elementor-button-info elementor-align-center elementor-widget elementor-widget-button\" data-id=\"2e7874b\" data-element_type=\"widget\" data-widget_type=\"button.default\">\n\t\t\t\t\t\t\t\t\t\t<a class=\"elementor-button elementor-button-link elementor-size-sm\" href=\"https:\/\/nelsonsons.com\/wp-content\/uploads\/2025\/09\/NelsonReyesResume.pdf\" download=\"NelsonReyesResume.pdf\">\n\t\t\t\t\t\t<span class=\"elementor-button-content-wrapper\">\n\t\t\t\t\t\t<span class=\"elementor-button-icon\">\n\t\t\t\t<svg aria-hidden=\"true\" class=\"e-font-icon-svg e-fas-file-download\" viewbox=\"0 0 384 512\" xmlns=\"http:\/\/www.w3.org\/2000\/svg\"><path d=\"M224 136V0H24C10.7 0 0 10.7 0 24v464c0 13.3 10.7 24 24 24h336c13.3 0 24-10.7 24-24V160H248c-13.2 0-24-10.8-24-24zm76.45 211.36l-96.42 95.7c-6.65 6.61-17.39 6.61-24.04 0l-96.42-95.7C73.42 337.29 80.54 320 94.82 320H160v-80c0-8.84 7.16-16 16-16h32c8.84 0 16 7.16 16 16v80h65.18c14.28 0 21.4 17.29 11.27 27.36zM377 105L279.1 7c-4.5-4.5-10.6-7-17-7H256v128h128v-6.1c0-6.3-2.5-12.4-7-16.9z\"><\/path><\/svg>\t\t\t<\/span>\n\t\t\t\t\t\t\t\t\t<span class=\"elementor-button-text\">Descargar CV<\/span>\n\t\t\t\t\t<\/span>\n\t\t\t\t\t<\/a>\n\t\t\t\t\t\t\t\t<\/div>\n\t\t\t\t<\/div>\n\t\t<div class=\"elementor-element elementor-element-61b43c2 e-con-full e-flex wpr-particle-no wpr-jarallax-no wpr-parallax-no wpr-sticky-section-no e-con e-child\" data-id=\"61b43c2\" data-element_type=\"container\">\n\t\t\t\t<div class=\"elementor-element elementor-element-3b9ddf2 elementor-widget elementor-widget-heading\" data-id=\"3b9ddf2\" data-element_type=\"widget\" data-widget_type=\"heading.default\">\n\t\t\t\t\t<h2 class=\"elementor-heading-title elementor-size-default\">NELSON REYES<\/h2>\t\t\t\t<\/div>\n\t\t\t\t<div class=\"elementor-element elementor-element-9ff3581 elementor-widget elementor-widget-text-editor\" data-id=\"9ff3581\" data-element_type=\"widget\" data-widget_type=\"text-editor.default\">\n\t\t\t\t\t\t\t\t\t<p><strong>\u00a0Manitas experimentado | Experiencia en mantenimiento | Soluci\u00f3n de problemas<\/strong><\/p>\t\t\t\t\t\t\t\t<\/div>\n\t\t\t\t<div class=\"elementor-element elementor-element-d79089e elementor-widget-divider--view-line elementor-widget elementor-widget-divider\" data-id=\"d79089e\" data-element_type=\"widget\" data-widget_type=\"divider.default\">\n\t\t\t\t\t\t\t<div class=\"elementor-divider\">\n\t\t\t<span class=\"elementor-divider-separator\">\n\t\t\t\t\t\t<\/span>\n\t\t<\/div>\n\t\t\t\t\t\t<\/div>\n\t\t\t\t<div class=\"elementor-element elementor-element-b02418b elementor-widget elementor-widget-heading\" data-id=\"b02418b\" data-element_type=\"widget\" data-widget_type=\"heading.default\">\n\t\t\t\t\t<h3 class=\"elementor-heading-title elementor-size-default\"> LOGROS CLAVE<\/h3>\t\t\t\t<\/div>\n\t\t\t\t<div class=\"elementor-element elementor-element-e5d23b5 elementor-widget__width-inherit elementor-widget-tablet__width-initial elementor-widget elementor-widget-text-editor\" data-id=\"e5d23b5\" data-element_type=\"widget\" data-widget_type=\"text-editor.default\">\n\t\t\t\t\t\t\t\t\t<ul><li><span style=\"color: #6ec1e4;\"><strong>Mantenimiento preventivo implementado <\/strong><\/span><span style=\"color: #6ec1e4;\"><strong>Programas: <\/strong><\/span><p>Inici\u00e9 y gestion\u00e9 con \u00e9xito programas de mantenimiento preventivo que condujeron a una reducci\u00f3n significativa de las reparaciones.<\/p><\/li><li><strong><span style=\"color: #6ec1e4;\">Materiales asegurados a menores costos:<\/span><\/strong><p>Negociaciones orquestadas con proveedores que redujeron sustancialmente los costos de materiales, fomentando el ahorro financiero de la empresa.<\/p><\/li><li><span style=\"color: #6ec1e4;\"><strong>Premio a la Excelencia en Mantenimiento:<\/strong><\/span><br \/>Reconocido con un premio de la industria por liderar un proyecto considerado como el m\u00e1s<p>impactante en la mejora del mantenimiento de la propiedad<\/p><\/li><li><span style=\"color: #6ec1e4;\"><strong>Se lanz\u00f3 el Programa de Residuos Ecol\u00f3gicos:<\/strong><\/span><br \/>Fue pionero en una iniciativa ecol\u00f3gica que aument\u00f3 dr\u00e1sticamente los esfuerzos de reciclaje dentro del complejo de apartamentos.<\/li><\/ul>\t\t\t\t\t\t\t\t<\/div>\n\t\t\t\t<div class=\"elementor-element elementor-element-be517e4 elementor-widget-divider--view-line elementor-widget elementor-widget-divider\" data-id=\"be517e4\" data-element_type=\"widget\" data-widget_type=\"divider.default\">\n\t\t\t\t\t\t\t<div class=\"elementor-divider\">\n\t\t\t<span class=\"elementor-divider-separator\">\n\t\t\t\t\t\t<\/span>\n\t\t<\/div>\n\t\t\t\t\t\t<\/div>\n\t\t\t\t<div class=\"elementor-element elementor-element-c283332 elementor-widget elementor-widget-heading\" data-id=\"c283332\" data-element_type=\"widget\" data-widget_type=\"heading.default\">\n\t\t\t\t\t<h3 class=\"elementor-heading-title elementor-size-default\">HABILIDADES<\/h3>\t\t\t\t<\/div>\n\t\t\t\t<div class=\"elementor-element elementor-element-6b5f9a8 elementor-widget__width-inherit elementor-widget-tablet__width-initial elementor-widget elementor-widget-text-editor\" data-id=\"6b5f9a8\" data-element_type=\"widget\" data-widget_type=\"text-editor.default\">\n\t\t\t\t\t\t\t\t\t<ul><li><span style=\"color: #6ec1e4;\"><strong>Reparaciones generales\u00a0<\/strong><\/span><\/li><li><strong><span style=\"color: #6ec1e4;\">Sistemas HVAC<\/span><\/strong><\/li><li><span style=\"color: #6ec1e4;\"><strong>Plomer\u00eda<\/strong><\/span><\/li><li><span style=\"color: #6ec1e4;\"><strong>Reparaciones el\u00e9ctricas<\/strong><\/span><\/li><li><span style=\"color: #6ec1e4;\"><strong>Reparaci\u00f3n de electrodom\u00e9sticos<\/strong><\/span><\/li><li><strong><span style=\"color: #6ec1e4;\">Carpinter\u00eda\u00a0<\/span><\/strong><\/li><\/ul>\t\t\t\t\t\t\t\t<\/div>\n\t\t\t\t<div class=\"elementor-element elementor-element-31e17c2 elementor-widget-divider--view-line elementor-widget elementor-widget-divider\" data-id=\"31e17c2\" data-element_type=\"widget\" data-widget_type=\"divider.default\">\n\t\t\t\t\t\t\t<div class=\"elementor-divider\">\n\t\t\t<span class=\"elementor-divider-separator\">\n\t\t\t\t\t\t<\/span>\n\t\t<\/div>\n\t\t\t\t\t\t<\/div>\n\t\t\t\t<div class=\"elementor-element elementor-element-7d097e2 elementor-widget elementor-widget-heading\" data-id=\"7d097e2\" data-element_type=\"widget\" data-widget_type=\"heading.default\">\n\t\t\t\t\t<h3 class=\"elementor-heading-title elementor-size-default\">CURSOS Y EDUCACI\u00d3N<\/h3>\t\t\t\t<\/div>\n\t\t\t\t<div class=\"elementor-element elementor-element-289f073 elementor-widget__width-inherit elementor-widget-tablet__width-initial elementor-widget elementor-widget-text-editor\" data-id=\"289f073\" data-element_type=\"widget\" data-widget_type=\"text-editor.default\">\n\t\t\t\t\t\t\t\t\t<ul><li>\u00a0<span style=\"color: #6ec1e4;\"><strong>T\u00e9cnico certificado en mantenimiento y confiabilidad<\/strong><\/span><\/li><li><strong><span style=\"color: #6ec1e4;\">Dise\u00f1o avanzado de sistemas de plomer\u00eda (Sociedad Americana de Ingenieros de Plomer\u00eda)<\/span><\/strong><\/li><li><strong><span style=\"color: #6ec1e4;\">Centro de Educaci\u00f3n para Adultos GED de Chicago<\/span><\/strong><\/li><\/ul>\t\t\t\t\t\t\t\t<\/div>\n\t\t\t\t<div class=\"elementor-element elementor-element-1d8c0de elementor-widget-divider--view-line elementor-widget elementor-widget-divider\" data-id=\"1d8c0de\" data-element_type=\"widget\" data-widget_type=\"divider.default\">\n\t\t\t\t\t\t\t<div class=\"elementor-divider\">\n\t\t\t<span class=\"elementor-divider-separator\">\n\t\t\t\t\t\t<\/span>\n\t\t<\/div>\n\t\t\t\t\t\t<\/div>\n\t\t\t\t<div class=\"elementor-element elementor-element-cf1ae5c elementor-widget elementor-widget-heading\" data-id=\"cf1ae5c\" data-element_type=\"widget\" data-widget_type=\"heading.default\">\n\t\t\t\t\t<h3 class=\"elementor-heading-title elementor-size-default\">PROYECTOS Y EXPERIENCIA<\/h3>\t\t\t\t<\/div>\n\t\t\t\t<div class=\"elementor-element elementor-element-a337476 elementor-widget__width-inherit elementor-widget-tablet__width-initial elementor-widget elementor-widget-text-editor\" data-id=\"a337476\" data-element_type=\"widget\" data-widget_type=\"text-editor.default\">\n\t\t\t\t\t\t\t\t\t<ul><li><span style=\"color: #6ec1e4;\"><strong>T\u00e9cnico L\u00edder de Mantenimiento \u2013 <\/strong><\/span><strong>LonLon Properties (2009-presente)<\/strong><\/li><li><strong><span style=\"color: #6ec1e4;\">T\u00e9cnico de mantenimiento \u2013 <\/span>Apartamentos Greenfield (2006-2009)<\/strong><\/li><li><strong><span style=\"color: #6ec1e4;\">Trabajador de mantenimiento de propiedades \u2013 <\/span>Blue Sky Real Estate (2006-2007)<\/strong><\/li><\/ul>\t\t\t\t\t\t\t\t<\/div>\n\t\t\t\t<\/div>\n\t\t\t\t<\/div>\n\t\t\t\t<\/div>","protected":false},"excerpt":{"rendered":"<p>About With years of experience in the handyman service industry, we are the experts you need to take care of your home with love and compassion. We handle everything from large handyman projects to drywall repair. We are the handyman service you need to ensure a job well done! We will treat your home as we would treat our own. Give Handyman Nelson a call today. We look forward to working with you! Ask us about the quality of our work. We excel in attention to detail. Meet Nelson Hello, I\u2019m Nelson. As the owner and operator of my company, I guarantee the best quality work with a respectful and honest attitude, always!\u00a0 With over a decade of expertise in property maintenance, my skill in enhancing operational efficiencies and tenant satisfaction distinguishes my craft. My technical prowess in general repairs and HVAC systems, coupled with my dedication to safety and excellence, underpin my biggest career accomplishment of significantly bolstering preventive maintenance efficacy Phone: +1 281 9069021 Email: nelson18el@gmail.com CV Download NELSON REYES \u00a0Experienced Handyman | Maintenance Expertise | Problem-Solving KEY ACHIEVEMENTS Implemented Preventive Maintenance Programs: Successfully initiated and governed preventive maintenance programs leading to a significant reduction in repairs. Secured Materials at Lower Costs: Orchestrated vendor negotiations that cut down material costs substantially, fostering the company&#8217;s financial savings. Award for Maintenance Excellence:Recognized with an industry award for leading a project deemed as the most impactful in improving property maintenance Launched Eco-Friendly Waste Program:Pioneered an eco-friendly initiative thatdramatically\u00a0 increased recycling efforts within the\u00a0 apartment complex SKILLS General Repairs\u00a0 HVAC Systems Plumbing Electrical Repairs Appliance Repairs Carpentry\u00a0 COURSES &amp; EDUCATION \u00a0Certified Maintenance &amp; Reliability Technician Advanced Plumbing Systems Design (American Society Plumbing Engineers) GED Chicago Adult Education Center PROJECTS &amp; EXPERIENCE Lead Maintenance Technician &#8211; LonLon Properties (2009-present) Maintenance Technician &#8211; Greenfield Apartments ( 2006-2009) Property Maintenance Worker &#8211; Blue Sky Real Estate (2006-2007)<\/p>","protected":false},"author":1,"featured_media":0,"parent":0,"menu_order":0,"comment_status":"closed","ping_status":"closed","template":"","meta":{"_uag_custom_page_level_css":"","site-sidebar-layout":"no-sidebar","site-content-layout":"page-builder","ast-site-content-layout":"full-width-container","site-content-style":"unboxed","site-sidebar-style":"unboxed","ast-global-header-display":"","ast-banner-title-visibility":"","ast-main-header-display":"","ast-hfb-above-header-display":"","ast-hfb-below-header-display":"","ast-hfb-mobile-header-display":"","site-post-title":"disabled","ast-breadcrumbs-content":"","ast-featured-img":"disabled","footer-sml-layout":"","theme-transparent-header-meta":"default","adv-header-id-meta":"","stick-header-meta":"","header-above-stick-meta":"","header-main-stick-meta":"","header-below-stick-meta":"","astra-migrate-meta-layouts":"set","ast-page-background-enabled":"default","ast-page-background-meta":{"desktop":{"background-color":"","background-image":"","background-repeat":"repeat","background-position":"center center","background-size":"auto","background-attachment":"scroll","background-type":"","background-media":"","overlay-type":"","overlay-color":"","overlay-opacity":"","overlay-gradient":""},"tablet":{"background-color":"","background-image":"","background-repeat":"repeat","background-position":"center center","background-size":"auto","background-attachment":"scroll","background-type":"","background-media":"","overlay-type":"","overlay-color":"","overlay-opacity":"","overlay-gradient":""},"mobile":{"background-color":"","background-image":"","background-repeat":"repeat","background-position":"center center","background-size":"auto","background-attachment":"scroll","background-type":"","background-media":"","overlay-type":"","overlay-color":"","overlay-opacity":"","overlay-gradient":""}},"ast-content-background-meta":{"desktop":{"background-color":"var(--ast-global-color-5)","background-image":"","background-repeat":"repeat","background-position":"center center","background-size":"auto","background-attachment":"scroll","background-type":"","background-media":"","overlay-type":"","overlay-color":"","overlay-opacity":"","overlay-gradient":""},"tablet":{"background-color":"var(--ast-global-color-5)","background-image":"","background-repeat":"repeat","background-position":"center center","background-size":"auto","background-attachment":"scroll","background-type":"","background-media":"","overlay-type":"","overlay-color":"","overlay-opacity":"","overlay-gradient":""},"mobile":{"background-color":"var(--ast-global-color-5)","background-image":"","background-repeat":"repeat","background-position":"center center","background-size":"auto","background-attachment":"scroll","background-type":"","background-media":"","overlay-type":"","overlay-color":"","overlay-opacity":"","overlay-gradient":""}},"footnotes":""},"class_list":["post-1352","page","type-page","status-publish","hentry"],"uagb_featured_image_src":{"full":false,"thumbnail":false,"medium":false,"medium_large":false,"large":false,"1536x1536":false,"2048x2048":false,"trp-custom-language-flag":false},"uagb_author_info":{"display_name":"terenceli69@hotmail.com","author_link":"https:\/\/nelsonsons.com\/es\/author\/terenceli69hotmail-com\/"},"uagb_comment_info":0,"uagb_excerpt":"About With years of experience in the handyman service industry, we are the experts you need to take care of your home with love and compassion. We handle everything from large handyman projects to drywall repair. We are the handyman service you need to ensure a job well done! We will treat your home as&hellip;","_links":{"self":[{"href":"https:\/\/nelsonsons.com\/es\/wp-json\/wp\/v2\/pages\/1352","targetHints":{"allow":["GET"]}}],"collection":[{"href":"https:\/\/nelsonsons.com\/es\/wp-json\/wp\/v2\/pages"}],"about":[{"href":"https:\/\/nelsonsons.com\/es\/wp-json\/wp\/v2\/types\/page"}],"author":[{"embeddable":true,"href":"https:\/\/nelsonsons.com\/es\/wp-json\/wp\/v2\/users\/1"}],"replies":[{"embeddable":true,"href":"https:\/\/nelsonsons.com\/es\/wp-json\/wp\/v2\/comments?post=1352"}],"version-history":[{"count":24,"href":"https:\/\/nelsonsons.com\/es\/wp-json\/wp\/v2\/pages\/1352\/revisions"}],"predecessor-version":[{"id":3652,"href":"https:\/\/nelsonsons.com\/es\/wp-json\/wp\/v2\/pages\/1352\/revisions\/3652"}],"wp:attachment":[{"href":"https:\/\/nelsonsons.com\/es\/wp-json\/wp\/v2\/media?parent=1352"}],"curies":[{"name":"wp","href":"https:\/\/api.w.org\/{rel}","templated":true}]}}